{"id":51,"date":"2013-07-09T15:09:11","date_gmt":"2013-07-09T18:09:11","guid":{"rendered":"http:\/\/gois.inf.br\/wordp\/?page_id=51"},"modified":"2020-05-14T20:56:42","modified_gmt":"2020-05-14T23:56:42","slug":"case-sms","status":"publish","type":"page","link":"http:\/\/gois.inf.br\/wordp\/?page_id=51","title":{"rendered":"Case SMS"},"content":{"rendered":"<p>Projeto de uma aplica\u00e7\u00e3o Java SE no qual realizei a integra\u00e7\u00e3o com o o Modem GSM atrav\u00e9s da API smslib.org<\/p>\n<p>Elaborei uma apresenta\u00e7\u00e3o no qual detalha melhor as caracter\u00edsticas desta aplica\u00e7\u00e3o, que al\u00e9m de fazer a integra\u00e7\u00e3o com o Modem possibilitou qualquer pessoa ou outra aplica\u00e7\u00e3o enviar mensagens SMS.<\/p>\n<p>Clique\u00a0<a title=\"Modem\" href=\"http:\/\/gois.inf.br\/cases\/modem.ppsx\" target=\"_blank\">aqui<\/a>\u00a0para acessar a apresenta\u00e7\u00e3o.<\/p>\n<p>&nbsp;<\/p>\n\n\t\t<style type=\"text\/css\">\n\t\t\t#gallery-1 {\n\t\t\t\tmargin: auto;\n\t\t\t}\n\t\t\t#gallery-1 .gallery-item {\n\t\t\t\tfloat: left;\n\t\t\t\tmargin-top: 10px;\n\t\t\t\ttext-align: center;\n\t\t\t\twidth: 33%;\n\t\t\t}\n\t\t\t#gallery-1 img {\n\t\t\t\tborder: 2px solid #cfcfcf;\n\t\t\t}\n\t\t\t#gallery-1 .gallery-caption {\n\t\t\t\tmargin-left: 0;\n\t\t\t}\n\t\t\t\/* see gallery_shortcode() in wp-includes\/media.php *\/\n\t\t<\/style>\n\t\t<div id='gallery-1' class='gallery galleryid-51 gallery-columns-3 gallery-size-thumbnail'><dl class='gallery-item'>\n\t\t\t<dt class='gallery-icon landscape'>\n\t\t\t\t<a href='http:\/\/gois.inf.br\/wordp\/?attachment_id=54'><img loading=\"lazy\" decoding=\"async\" width=\"150\" height=\"150\" src=\"https:\/\/gois.inf.br\/wordp\/wp-content\/uploads\/2013\/07\/01-150x150.jpg\" class=\"attachment-thumbnail size-thumbnail\" alt=\"\" \/><\/a>\n\t\t\t<\/dt><\/dl><dl class='gallery-item'>\n\t\t\t<dt class='gallery-icon landscape'>\n\t\t\t\t<a href='http:\/\/gois.inf.br\/wordp\/?attachment_id=53'><img loading=\"lazy\" decoding=\"async\" width=\"150\" height=\"150\" src=\"https:\/\/gois.inf.br\/wordp\/wp-content\/uploads\/2013\/07\/02-150x150.jpg\" class=\"attachment-thumbnail size-thumbnail\" alt=\"\" \/><\/a>\n\t\t\t<\/dt><\/dl>\n\t\t\t<br style='clear: both' \/>\n\t\t<\/div>\n\n","protected":false},"excerpt":{"rendered":"<p>Projeto de uma aplica\u00e7\u00e3o Java SE no qual realizei a integra\u00e7\u00e3o com o o Modem GSM atrav\u00e9s da API smslib.org Elaborei uma apresenta\u00e7\u00e3o no qual detalha melhor as caracter\u00edsticas desta aplica\u00e7\u00e3o, que al\u00e9m de fazer a integra\u00e7\u00e3o com o Modem possibilitou qualquer pessoa ou outra aplica\u00e7\u00e3o enviar mensagens SMS. Clique\u00a0aqui\u00a0para acessar a apresenta\u00e7\u00e3o. &nbsp;<\/p>\n","protected":false},"author":3,"featured_media":0,"parent":0,"menu_order":0,"comment_status":"closed","ping_status":"open","template":"","meta":{"footnotes":""},"class_list":["post-51","page","type-page","status-publish","hentry"],"_links":{"self":[{"href":"http:\/\/gois.inf.br\/wordp\/index.php?rest_route=\/wp\/v2\/pages\/51","targetHints":{"allow":["GET"]}}],"collection":[{"href":"http:\/\/gois.inf.br\/wordp\/index.php?rest_route=\/wp\/v2\/pages"}],"about":[{"href":"http:\/\/gois.inf.br\/wordp\/index.php?rest_route=\/wp\/v2\/types\/page"}],"author":[{"embeddable":true,"href":"http:\/\/gois.inf.br\/wordp\/index.php?rest_route=\/wp\/v2\/users\/3"}],"replies":[{"embeddable":true,"href":"http:\/\/gois.inf.br\/wordp\/index.php?rest_route=%2Fwp%2Fv2%2Fcomments&post=51"}],"version-history":[{"count":6,"href":"http:\/\/gois.inf.br\/wordp\/index.php?rest_route=\/wp\/v2\/pages\/51\/revisions"}],"predecessor-version":[{"id":228,"href":"http:\/\/gois.inf.br\/wordp\/index.php?rest_route=\/wp\/v2\/pages\/51\/revisions\/228"}],"wp:attachment":[{"href":"http:\/\/gois.inf.br\/wordp\/index.php?rest_route=%2Fwp%2Fv2%2Fmedia&parent=51"}],"curies":[{"name":"wp","href":"https:\/\/api.w.org\/{rel}","templated":true}]}}