{"id":205,"date":"2018-02-02T08:12:33","date_gmt":"2018-02-02T11:12:33","guid":{"rendered":"http:\/\/gois.inf.br\/wordp\/?page_id=205"},"modified":"2020-05-14T20:56:42","modified_gmt":"2020-05-14T23:56:42","slug":"importar-o-estoque-do-webmotors","status":"publish","type":"page","link":"http:\/\/gois.inf.br\/wordp\/?page_id=205","title":{"rendered":"Importar o estoque do WebMotors"},"content":{"rendered":"<p>Para importar os dados pela WebMotors, primeiro eu acesso o Vmotors, agora cockpit, exporto o estoque que \u00e9 um CSV. Salvo ele como XLS n\u00e3o xlsx, e confiro se os dados est\u00e3o preenchidos, como porta, placa. porque se tiver vazio vai dar erro.<\/p>\n<p>Tamb\u00e9m edito a coluna valor para num\u00e9rico, ent\u00e3o eu tiro o R$ desse valor. Depois de salvo como XLS vou na tela na parte de baixo de importa\u00e7\u00e3o e escolho a empresa\u00a0\u00a0e e arquivo\u00a0<strong>planilha Vmotors<\/strong>\u00a0e mando importar. Hoje a tela esta com problema para exibir o log abaixo, mas vc pode verificando em outra aba do navegador se os carros est\u00e3o sendo importados. Se der algum erro j\u00e1 retorna na tela tb.<\/p>\n<div id=\"_rc_sig\"><\/div>\n","protected":false},"excerpt":{"rendered":"<p>Para importar os dados pela WebMotors, primeiro eu acesso o Vmotors, agora cockpit, exporto o estoque que \u00e9 um CSV. Salvo ele como XLS n\u00e3o xlsx, e confiro se os dados est\u00e3o preenchidos, como porta, placa. porque se tiver vazio vai dar erro. Tamb\u00e9m edito a coluna valor para num\u00e9rico, ent\u00e3o eu tiro o R$ [&hellip;]<\/p>\n","protected":false},"author":3,"featured_media":0,"parent":198,"menu_order":0,"comment_status":"closed","ping_status":"open","template":"","meta":{"footnotes":""},"class_list":["post-205","page","type-page","status-publish","hentry"],"_links":{"self":[{"href":"http:\/\/gois.inf.br\/wordp\/index.php?rest_route=\/wp\/v2\/pages\/205","targetHints":{"allow":["GET"]}}],"collection":[{"href":"http:\/\/gois.inf.br\/wordp\/index.php?rest_route=\/wp\/v2\/pages"}],"about":[{"href":"http:\/\/gois.inf.br\/wordp\/index.php?rest_route=\/wp\/v2\/types\/page"}],"author":[{"embeddable":true,"href":"http:\/\/gois.inf.br\/wordp\/index.php?rest_route=\/wp\/v2\/users\/3"}],"replies":[{"embeddable":true,"href":"http:\/\/gois.inf.br\/wordp\/index.php?rest_route=%2Fwp%2Fv2%2Fcomments&post=205"}],"version-history":[{"count":1,"href":"http:\/\/gois.inf.br\/wordp\/index.php?rest_route=\/wp\/v2\/pages\/205\/revisions"}],"predecessor-version":[{"id":206,"href":"http:\/\/gois.inf.br\/wordp\/index.php?rest_route=\/wp\/v2\/pages\/205\/revisions\/206"}],"up":[{"embeddable":true,"href":"http:\/\/gois.inf.br\/wordp\/index.php?rest_route=\/wp\/v2\/pages\/198"}],"wp:attachment":[{"href":"http:\/\/gois.inf.br\/wordp\/index.php?rest_route=%2Fwp%2Fv2%2Fmedia&parent=205"}],"curies":[{"name":"wp","href":"https:\/\/api.w.org\/{rel}","templated":true}]}}