{"id":2,"date":"2013-02-23T07:02:36","date_gmt":"2013-02-23T07:02:36","guid":{"rendered":"http:\/\/gois.inf.br\/wordp\/?page_id=2"},"modified":"2020-05-14T20:56:42","modified_gmt":"2020-05-14T23:56:42","slug":"sobre","status":"publish","type":"page","link":"http:\/\/gois.inf.br\/wordp\/?page_id=2","title":{"rendered":"Sobre"},"content":{"rendered":"<p>Ol\u00e1, bem-vindo ao meu BLOG e muito obrigado pela sua visita.\u00a0Sou Bacharel em Ci\u00eancia da Computa\u00e7\u00e3o com especializa\u00e7\u00e3o em Tecnologias Web. Atuo em an\u00e1lise, programa\u00e7\u00e3o e arquitetura de softwares na plataforma Java.<\/p>\n<p>Se voc\u00ea procura um profissional para realizar algum dos servi\u00e7os abaixo tais como:<\/p>\n<ul>\n<li>criar um novo software, desktop ou WEB;<\/li>\n<li>fazer manuten\u00e7\u00e3o, com corre\u00e7\u00f5es e melhorias;<\/li>\n<li>integra\u00e7\u00e3o entre sistemas;<\/li>\n<li>planejar a arquitetura de uma aplica\u00e7\u00e3o considerando confiabilidade, seguran\u00e7a, escalabilidade, entre outros fatores;<\/li>\n<li>implementar integra\u00e7\u00e3o cont\u00ednua e gerenciamento do clico de vida da aplica\u00e7\u00e3o, ALM;<\/li>\n<\/ul>\n<p>entre outros servi\u00e7os que tenham como meio um programa de computador para automatizar algum processo, gerenciar informa\u00e7\u00f5es. Sinta-se a vontade para entrar em contato por email para tadeu@gois.inf.br.<\/p>\n","protected":false},"excerpt":{"rendered":"<p>Ol\u00e1, bem-vindo ao meu BLOG e muito obrigado pela sua visita.\u00a0Sou Bacharel em Ci\u00eancia da Computa\u00e7\u00e3o com especializa\u00e7\u00e3o em Tecnologias Web. Atuo em an\u00e1lise, programa\u00e7\u00e3o e arquitetura de softwares na plataforma Java. Se voc\u00ea procura um profissional para realizar algum dos servi\u00e7os abaixo tais como: criar um novo software, desktop ou WEB; fazer manuten\u00e7\u00e3o, com [&hellip;]<\/p>\n","protected":false},"author":3,"featured_media":0,"parent":0,"menu_order":0,"comment_status":"closed","ping_status":"open","template":"","meta":{"footnotes":""},"class_list":["post-2","page","type-page","status-publish","hentry"],"_links":{"self":[{"href":"http:\/\/gois.inf.br\/wordp\/index.php?rest_route=\/wp\/v2\/pages\/2","targetHints":{"allow":["GET"]}}],"collection":[{"href":"http:\/\/gois.inf.br\/wordp\/index.php?rest_route=\/wp\/v2\/pages"}],"about":[{"href":"http:\/\/gois.inf.br\/wordp\/index.php?rest_route=\/wp\/v2\/types\/page"}],"author":[{"embeddable":true,"href":"http:\/\/gois.inf.br\/wordp\/index.php?rest_route=\/wp\/v2\/users\/3"}],"replies":[{"embeddable":true,"href":"http:\/\/gois.inf.br\/wordp\/index.php?rest_route=%2Fwp%2Fv2%2Fcomments&post=2"}],"version-history":[{"count":4,"href":"http:\/\/gois.inf.br\/wordp\/index.php?rest_route=\/wp\/v2\/pages\/2\/revisions"}],"predecessor-version":[{"id":229,"href":"http:\/\/gois.inf.br\/wordp\/index.php?rest_route=\/wp\/v2\/pages\/2\/revisions\/229"}],"wp:attachment":[{"href":"http:\/\/gois.inf.br\/wordp\/index.php?rest_route=%2Fwp%2Fv2%2Fmedia&parent=2"}],"curies":[{"name":"wp","href":"https:\/\/api.w.org\/{rel}","templated":true}]}}