{"id":196,"date":"2018-01-25T12:54:37","date_gmt":"2018-01-25T15:54:37","guid":{"rendered":"http:\/\/gois.inf.br\/wordp\/?page_id=196"},"modified":"2020-05-14T20:56:42","modified_gmt":"2020-05-14T23:56:42","slug":"integracao-com-easycar","status":"publish","type":"page","link":"http:\/\/gois.inf.br\/wordp\/?page_id=196","title":{"rendered":"Integra\u00e7\u00e3o com Easycar"},"content":{"rendered":"<p>H\u00e1 varias maneiras de um sistema se integrar ao Easycar, vamos citar cada uma delas.<br \/>\nNos exemplos abaixo, est\u00e3o a loja 501, que \u00e9 o ID da loja no Easycar, para outra loja basta substituir o ID.<\/p>\n<p>Consumir o feed xml da loja, ou seja, ver os carros que est\u00e3o publicados no parceiro SiteLoja<br \/>\n<a class=\"external\" href=\"http:\/\/easycar.gois.inf.br\/rest\/siteloja\/501\">http:\/\/easycar.gois.inf.br\/rest\/siteloja\/501<\/a><br \/>\nCasos de uso: Plugin WordPress, consumir na p\u00e1gina da loja os dados dos ve\u00edculos cadastrados no easycar<\/p>\n<p>Consumir o JSON com o estoque da loja<br \/>\n<a class=\"external\" href=\"http:\/\/easycar.gois.inf.br\/rest\/veiculos\/feed\/501\">http:\/\/easycar.gois.inf.br\/rest\/veiculos\/feed\/501<\/a><br \/>\nCasos de uso: Consumir na p\u00e1gina da loja os dados dos ve\u00edculos cadastrados no easycar<\/p>\n<p>Exibir p\u00e1gina de listagem dos an\u00fancios<br \/>\n<a class=\"external\" href=\"http:\/\/easycar.gois.inf.br\/estoque\/501\">http:\/\/easycar.gois.inf.br\/estoque\/501<\/a><br \/>\nCasos de uso: exibir dentro de um iframe na p\u00e1gina do lojista<\/p>\n<p>Exibir p\u00e1gina do ve\u00edculo<br \/>\n<a class=\"external\" href=\"http:\/\/easycar.gois.inf.br\/veiculo\/125178\">http:\/\/easycar.gois.inf.br\/veiculo\/125178<\/a><br \/>\nonde 125178 \u00e9 o ID do ve\u00edculo no easycar<br \/>\nCasos de uso: Compartilhar no timeline do facebook<\/p>\n<p>Redirecionamento para o easycar<br \/>\n<a class=\"external\" href=\"https:\/\/easycar.gois.inf.br\/faces\/pages\/integracao.xhtml?username=usuario@easycar.inf.br&amp;password=senha\">https:\/\/easycar.gois.inf.br\/faces\/pages\/integracao.xhtml?username=usuario@easycar.inf.br&amp;password=senha<\/a><br \/>\nCasos de uso: A partir de outro sistema, redireciona para o easycar. Neste caso pode ocorrer um mix entre o uso da API para enviar os veiculos e redirecionar para o easycar fazer as publica\u00e7\u00f5es.<\/p>\n<p>Onde o username e password pode ser enviado via POST ou GET e s\u00e3o os mesmos logins de acesso ao sistema<\/p>\n<p>Vc pode redirecionar para outras p\u00e1ginas dentro do sistema enviando os seguintes par\u00e2metros<br \/>\nid_veiculo = onde \u00e9 o id do veiculo no easyscar<br \/>\ntela = publicacao ou edicao<\/p>\n<p><a class=\"external\" href=\"https:\/\/easycar.gois.inf.br\/faces\/pages\/integracao.xhtml?username=usuario@easycar.inf.br&amp;password=senha&amp;id_veiculo=125178&amp;tela=publicacao\">https:\/\/easycar.gois.inf.br\/faces\/pages\/integracao.xhtml?username=usuario@easycar.inf.br&amp;password=senha&amp;id_veiculo=125178&amp;tela=publicacao<\/a><\/p>\n<p>Documenta\u00e7\u00e3o completa da API JSON<br \/>\n<a class=\"external\" href=\"http:\/\/gois.inf.br\/swagger\/\">http:\/\/gois.inf.br\/swagger\/<\/a><\/p>\n<p>WSDL SOAP:<br \/>\n<a class=\"external\" href=\"https:\/\/easycar.gois.inf.br\/VeiculosService?wsdl\">https:\/\/easycar.gois.inf.br\/VeiculosService?wsdl<\/a><\/p>\n","protected":false},"excerpt":{"rendered":"<p>H\u00e1 varias maneiras de um sistema se integrar ao Easycar, vamos citar cada uma delas. Nos exemplos abaixo, est\u00e3o a loja 501, que \u00e9 o ID da loja no Easycar, para outra loja basta substituir o ID. Consumir o feed xml da loja, ou seja, ver os carros que est\u00e3o publicados no parceiro SiteLoja http:\/\/easycar.gois.inf.br\/rest\/siteloja\/501 [&hellip;]<\/p>\n","protected":false},"author":3,"featured_media":0,"parent":198,"menu_order":0,"comment_status":"closed","ping_status":"open","template":"","meta":{"footnotes":""},"class_list":["post-196","page","type-page","status-publish","hentry"],"_links":{"self":[{"href":"http:\/\/gois.inf.br\/wordp\/index.php?rest_route=\/wp\/v2\/pages\/196","targetHints":{"allow":["GET"]}}],"collection":[{"href":"http:\/\/gois.inf.br\/wordp\/index.php?rest_route=\/wp\/v2\/pages"}],"about":[{"href":"http:\/\/gois.inf.br\/wordp\/index.php?rest_route=\/wp\/v2\/types\/page"}],"author":[{"embeddable":true,"href":"http:\/\/gois.inf.br\/wordp\/index.php?rest_route=\/wp\/v2\/users\/3"}],"replies":[{"embeddable":true,"href":"http:\/\/gois.inf.br\/wordp\/index.php?rest_route=%2Fwp%2Fv2%2Fcomments&post=196"}],"version-history":[{"count":1,"href":"http:\/\/gois.inf.br\/wordp\/index.php?rest_route=\/wp\/v2\/pages\/196\/revisions"}],"predecessor-version":[{"id":197,"href":"http:\/\/gois.inf.br\/wordp\/index.php?rest_route=\/wp\/v2\/pages\/196\/revisions\/197"}],"up":[{"embeddable":true,"href":"http:\/\/gois.inf.br\/wordp\/index.php?rest_route=\/wp\/v2\/pages\/198"}],"wp:attachment":[{"href":"http:\/\/gois.inf.br\/wordp\/index.php?rest_route=%2Fwp%2Fv2%2Fmedia&parent=196"}],"curies":[{"name":"wp","href":"https:\/\/api.w.org\/{rel}","templated":true}]}}